{"id":9,"date":"2024-05-21T10:51:40","date_gmt":"2024-05-21T10:51:40","guid":{"rendered":"https:\/\/villarroyaasesores.es\/?page_id=9"},"modified":"2025-01-12T17:04:39","modified_gmt":"2025-01-12T17:04:39","slug":"inicio","status":"publish","type":"page","link":"https:\/\/villarroyaasesores.es\/","title":{"rendered":"inicio"},"content":{"rendered":"<p>[et_pb_section fb_built=\u00bb1&#8243; admin_label=\u00bbHeader\u00bb _builder_version=\u00bb4.27.0&#8243; use_background_color_gradient=\u00bbon\u00bb background_color_gradient_direction=\u00bb140deg\u00bb background_color_gradient_stops=\u00bbrgba(197,215,255,0.95) 0%|rgba(255,255,255,0.75) 75%\u00bb background_color_gradient_overlays_image=\u00bbon\u00bb background_color_gradient_start=\u00bbrgba(197,215,255,0.95)\u00bb background_color_gradient_end=\u00bbrgba(255,255,255,0.75)\u00bb background_color_gradient_end_position=\u00bb75%\u00bb background_image=\u00bbhttps:\/\/villarroyaasesores.es\/wp-content\/uploads\/2024\/09\/IMG_7675-scaled.jpg\u00bb custom_margin=\u00bb5vw|5vw||5vw|false|true\u00bb custom_margin_tablet=\u00bb0vw|0vw||0vw|false|true\u00bb custom_margin_phone=\u00bb\u00bb custom_margin_last_edited=\u00bbon|tablet\u00bb custom_padding=\u00bb0px||0px||false|false\u00bb global_colors_info=\u00bb{}\u00bb][et_pb_row column_structure=\u00bb1_2,1_2&#8243; use_custom_gutter=\u00bbon\u00bb gutter_width=\u00bb1&#8243; make_equal=\u00bbon\u00bb _builder_version=\u00bb4.27.0&#8243; max_width=\u00bbnone\u00bb module_alignment=\u00bbcenter\u00bb custom_margin=\u00bb||||false|false\u00bb custom_padding=\u00bb0px||0px||true|false\u00bb global_colors_info=\u00bb{}\u00bb][et_pb_column type=\u00bb1_2&#8243; _builder_version=\u00bb4.27.0&#8243; transform_scale_tablet=\u00bb\u00bb transform_scale_phone=\u00bb\u00bb transform_scale_last_edited=\u00bbon|tablet\u00bb transform_translate=\u00bb-50px|100px\u00bb transform_translate_tablet=\u00bb0px|0px\u00bb transform_translate_phone=\u00bb\u00bb transform_translate_last_edited=\u00bbon|tablet\u00bb transform_translate_linked=\u00bboff\u00bb transform_rotate_tablet=\u00bb\u00bb transform_rotate_phone=\u00bb\u00bb transform_rotate_last_edited=\u00bbon|tablet\u00bb transform_skew_tablet=\u00bb\u00bb transform_skew_phone=\u00bb\u00bb transform_skew_last_edited=\u00bbon|tablet\u00bb transform_origin_tablet=\u00bb\u00bb transform_origin_phone=\u00bb\u00bb transform_origin_last_edited=\u00bbon|tablet\u00bb transform_styles_last_edited=\u00bbon|tablet\u00bb custom_padding=\u00bb130px||130px|64px|true|false\u00bb custom_padding_tablet=\u00bb30px|20px|30px|20px|true|true\u00bb custom_padding_phone=\u00bb\u00bb custom_padding_last_edited=\u00bbon|tablet\u00bb transform_styles_tablet=\u00bb\u00bb transform_styles_phone=\u00bb\u00bb border_width_all=\u00bb2px\u00bb border_color_all=\u00bb#ffffff\u00bb global_colors_info=\u00bb{}\u00bb][et_pb_text _builder_version=\u00bb4.27.0&#8243; header_font=\u00bbRoboto Mono|700|||||||\u00bb header_font_size=\u00bb48px\u00bb header_line_height=\u00bb0em\u00bb header_4_font=\u00bbRoboto|700|||||||\u00bb header_4_text_color=\u00bb#0042c9&#8243; max_width=\u00bb600px\u00bb custom_margin=\u00bb|||-54px|false|false\u00bb custom_margin_tablet=\u00bb|0%||-9px|false|false\u00bb custom_margin_phone=\u00bb\u00bb custom_margin_last_edited=\u00bbon|desktop\u00bb header_font_size_tablet=\u00bb32px\u00bb header_font_size_phone=\u00bb24px\u00bb header_font_size_last_edited=\u00bbon|phone\u00bb global_colors_info=\u00bb{}\u00bb]<\/p>\n<h3 style=\"text-align: center;\"><strong>\u00a0En Villarroya Asesores, ofrecemos servicios integrales para empresas, aut\u00f3nomos y particulares.<\/strong><\/h3>\n<p>[\/et_pb_text][\/et_pb_column][et_pb_column type=\u00bb1_2&#8243; _builder_version=\u00bb4.16&#8243; global_colors_info=\u00bb{}\u00bb][\/et_pb_column][\/et_pb_row][et_pb_row column_structure=\u00bb1_3,1_3,1_3&#8243; use_custom_gutter=\u00bbon\u00bb gutter_width=\u00bb1&#8243; make_equal=\u00bbon\u00bb _builder_version=\u00bb4.16&#8243; width=\u00bb97.2%\u00bb width_tablet=\u00bb80%\u00bb width_phone=\u00bb\u00bb width_last_edited=\u00bbon|tablet\u00bb max_width=\u00bbnone\u00bb module_alignment=\u00bbright\u00bb custom_padding=\u00bb||0px||false|false\u00bb module_alignment_tablet=\u00bbcenter\u00bb module_alignment_phone=\u00bb\u00bb module_alignment_last_edited=\u00bbon|tablet\u00bb global_colors_info=\u00bb{}\u00bb][et_pb_column type=\u00bb1_3&#8243; _builder_version=\u00bb4.16&#8243; global_colors_info=\u00bb{}\u00bb][\/et_pb_column][et_pb_column type=\u00bb1_3&#8243; _builder_version=\u00bb4.16&#8243; global_colors_info=\u00bb{}\u00bb][\/et_pb_column][et_pb_column type=\u00bb1_3&#8243; _builder_version=\u00bb4.16&#8243; global_colors_info=\u00bb{}\u00bb][\/et_pb_column][\/et_pb_row][et_pb_row _builder_version=\u00bb4.27.4&#8243; _module_preset=\u00bbdefault\u00bb global_colors_info=\u00bb{}\u00bb][et_pb_column type=\u00bb4_4&#8243; _builder_version=\u00bb4.27.4&#8243; _module_preset=\u00bbdefault\u00bb global_colors_info=\u00bb{}\u00bb][et_pb_divider show_divider=\u00bboff\u00bb _builder_version=\u00bb4.27.4&#8243; _module_preset=\u00bbdefault\u00bb global_colors_info=\u00bb{}\u00bb][\/et_pb_divider][\/et_pb_column][\/et_pb_row][et_pb_row column_structure=\u00bb1_3,1_3,1_3&#8243; _builder_version=\u00bb4.27.0&#8243; _module_preset=\u00bbdefault\u00bb background_color=\u00bbRGBA(255,255,255,0)\u00bb custom_margin=\u00bb30px||||false|false\u00bb global_colors_info=\u00bb{}\u00bb][et_pb_column type=\u00bb1_3&#8243; _builder_version=\u00bb4.27.0&#8243; _module_preset=\u00bbdefault\u00bb global_colors_info=\u00bb{}\u00bb][et_pb_blurb title=\u00bbAsesor\u00eda Jur\u00eddico-Laboral\u00bb use_icon=\u00bbon\u00bb font_icon=\u00bb&#xf24e;||fa||900&#8243; icon_color=\u00bb#001b33&#8243; image_icon_width=\u00bb45px\u00bb icon_alignment=\u00bbleft\u00bb _builder_version=\u00bb4.27.4&#8243; header_font=\u00bbRoboto|700|||||||\u00bb header_text_color=\u00bb#001b33&#8243; body_line_height=\u00bb1.8em\u00bb max_width=\u00bb350px\u00bb custom_margin=\u00bb|-79px||||\u00bb animation=\u00bboff\u00bb locked=\u00bboff\u00bb global_colors_info=\u00bb{}\u00bb]<\/p>\n<p style=\"text-align: justify;\"><strong>Proporcionamos asesoramiento continuo y gesti\u00f3n completa de n\u00f3minas, contratos y seguros sociales para asegurar el cumplimiento de la normativa laboral.<\/strong><\/p>\n<p>[\/et_pb_blurb][\/et_pb_column][et_pb_column type=\u00bb1_3&#8243; _builder_version=\u00bb4.27.0&#8243; _module_preset=\u00bbdefault\u00bb global_colors_info=\u00bb{}\u00bb][et_pb_blurb title=\u00bbPensiones y Prestaciones\u00bb use_icon=\u00bbon\u00bb font_icon=\u00bb&#xf249;||fa||400&#8243; icon_color=\u00bb#001b33&#8243; image_icon_width=\u00bb45px\u00bb icon_alignment=\u00bbleft\u00bb _builder_version=\u00bb4.27.0&#8243; header_font=\u00bbRoboto|700|||||||\u00bb header_text_color=\u00bb#001b33&#8243; body_line_height=\u00bb1.8em\u00bb max_width=\u00bb350px\u00bb custom_margin=\u00bb|-79px||||\u00bb animation=\u00bboff\u00bb global_colors_info=\u00bb{}\u00bb]<\/p>\n<p style=\"text-align: justify;\"><strong>Gestionamos expedientes de jubilaci\u00f3n y otras prestaciones, asegurando que nuestros clientes reciban todos los beneficios a los que tienen derecho en situaciones espec\u00edficas.<\/strong><\/p>\n<p>[\/et_pb_blurb][\/et_pb_column][et_pb_column type=\u00bb1_3&#8243; _builder_version=\u00bb4.27.0&#8243; _module_preset=\u00bbdefault\u00bb global_colors_info=\u00bb{}\u00bb][et_pb_blurb title=\u00bb Recursos Humanos y Equidad\u00bb use_icon=\u00bbon\u00bb font_icon=\u00bb&#xf500;||fa||900&#8243; icon_color=\u00bb#001b33&#8243; image_icon_width=\u00bb45px\u00bb icon_alignment=\u00bbleft\u00bb _builder_version=\u00bb4.27.0&#8243; header_font=\u00bbRoboto|700|||||||\u00bb header_text_color=\u00bb#001b33&#8243; body_line_height=\u00bb1.8em\u00bb max_width=\u00bb350px\u00bb custom_margin=\u00bb|-79px||||\u00bb animation=\u00bboff\u00bb locked=\u00bboff\u00bb global_colors_info=\u00bb{}\u00bb]<\/p>\n<p style=\"text-align: justify;\"><strong>Desarrollamos e implementamos planes de igualdad, auditor\u00edas salariales y protocolos de actuaci\u00f3n para promover un entorno laboral justo y respetuoso.<\/strong><\/p>\n<p>[\/et_pb_blurb][\/et_pb_column][\/et_pb_row][\/et_pb_section][et_pb_section fb_built=\u00bb1&#8243; admin_label=\u00bbAbout\u00bb _builder_version=\u00bb4.16&#8243; overflow-x=\u00bbhidden\u00bb overflow-y=\u00bbhidden\u00bb custom_padding=\u00bb0px||0px|||\u00bb global_colors_info=\u00bb{}\u00bb][et_pb_row column_structure=\u00bb1_3,2_3&#8243; use_custom_gutter=\u00bbon\u00bb gutter_width=\u00bb1&#8243; make_equal=\u00bbon\u00bb _builder_version=\u00bb4.16&#8243; max_width=\u00bbnone\u00bb custom_margin=\u00bb||34px||false|false\u00bb custom_padding=\u00bb0px||0px||true|\u00bb box_shadow_style=\u00bbpreset4&#8243; box_shadow_horizontal=\u00bb30vw\u00bb box_shadow_vertical=\u00bb0px\u00bb box_shadow_color=\u00bb#ffffff\u00bb locked=\u00bboff\u00bb global_colors_info=\u00bb{}\u00bb][et_pb_column type=\u00bb1_3&#8243; _builder_version=\u00bb4.16&#8243; transform_translate=\u00bb1px|0px\u00bb transform_translate_linked=\u00bboff\u00bb global_colors_info=\u00bb{}\u00bb][et_pb_image src=\u00bbhttps:\/\/villarroyaasesores.es\/wp-content\/uploads\/2024\/09\/IMG_7679-scaled.jpg\u00bb title_text=\u00bbIMG_7679&#8243; force_fullwidth=\u00bbon\u00bb _builder_version=\u00bb4.27.0&#8243; position_origin_a=\u00bbbottom_right\u00bb global_colors_info=\u00bb{}\u00bb][\/et_pb_image][\/et_pb_column][et_pb_column type=\u00bb2_3&#8243; _builder_version=\u00bb4.16&#8243; custom_padding=\u00bb10vw|||170px|false|false\u00bb custom_padding_tablet=\u00bb40px|||0px|false|false\u00bb custom_padding_phone=\u00bb\u00bb custom_padding_last_edited=\u00bbon|tablet\u00bb global_colors_info=\u00bb{}\u00bb][et_pb_text _builder_version=\u00bb4.27.4&#8243; text_line_height=\u00bb2em\u00bb header_2_font=\u00bbRoboto Mono|700|||||||\u00bb header_2_font_size=\u00bb40px\u00bb header_2_line_height=\u00bb1.4em\u00bb max_width=\u00bb600px\u00bb custom_margin=\u00bb-52px|||||\u00bb header_2_font_size_tablet=\u00bb32px\u00bb header_2_font_size_phone=\u00bb24px\u00bb header_2_font_size_last_edited=\u00bbon|phone\u00bb locked=\u00bboff\u00bb global_colors_info=\u00bb{}\u00bb]<\/p>\n<h2>Enfoque en el Cliente<\/h2>\n<p style=\"text-align: justify;\">En Villarroya Asesores, creemos firmemente que nuestros clientes son la raz\u00f3n de nuestro \u00e9xito. Cada uno de nuestros servicios est\u00e1 dise\u00f1ado para satisfacer sus necesidades espec\u00edficas, ofreciendo soluciones personalizadas y eficientes.<\/p>\n<h3>Atenci\u00f3n Personalizada<\/h3>\n<p style=\"text-align: justify;\">Nos tomamos el tiempo necesario para entender las circunstancias y objetivos de cada cliente, proporcionando asesoramiento y apoyo adaptado a sus necesidades espec\u00edficas.<\/p>\n<h3>Comunicaci\u00f3n Transparente<\/h3>\n<p style=\"text-align: justify;\">Mantenemos una comunicaci\u00f3n directa con nuestros clientes, proporcionando el asesoramiento necesario para que puedan tomar las decisiones m\u00e1s adecuadas.<\/p>\n<h3>Soluciones Eficaces<\/h3>\n<p style=\"text-align: justify;\">Nuestro equipo de expertos trabaja para ofrecer soluciones pr\u00e1cticas y efectivas, garantizando que cada cliente reciba el m\u00e1ximo valor de nuestros servicios.<\/p>\n<p>[\/et_pb_text][\/et_pb_column][\/et_pb_row][\/et_pb_section][et_pb_section fb_built=\u00bb1&#8243; admin_label=\u00bbGallery\u00bb _builder_version=\u00bb4.25.1&#8243; custom_margin=\u00bb||||false|false\u00bb custom_padding=\u00bb||200px||false|false\u00bb global_colors_info=\u00bb{}\u00bb][et_pb_row column_structure=\u00bb1_2,1_2&#8243; _builder_version=\u00bb4.25.1&#8243; _module_preset=\u00bbdefault\u00bb global_colors_info=\u00bb{}\u00bb][et_pb_column type=\u00bb1_2&#8243; _builder_version=\u00bb4.25.1&#8243; _module_preset=\u00bbdefault\u00bb global_colors_info=\u00bb{}\u00bb][et_pb_image src=\u00bbhttps:\/\/villarroyaasesores.es\/wp-content\/uploads\/2024\/05\/graduado.png\u00bb title_text=\u00bbgraduado\u00bb align=\u00bbcenter\u00bb _builder_version=\u00bb4.27.4&#8243; _module_preset=\u00bbdefault\u00bb global_colors_info=\u00bb{}\u00bb][\/et_pb_image][\/et_pb_column][et_pb_column type=\u00bb1_2&#8243; _builder_version=\u00bb4.25.1&#8243; _module_preset=\u00bbdefault\u00bb global_colors_info=\u00bb{}\u00bb][et_pb_image src=\u00bbhttps:\/\/villarroyaasesores.es\/wp-content\/uploads\/2024\/05\/RSA.jpg\u00bb title_text=\u00bbRSA\u00bb align=\u00bbcenter\u00bb _builder_version=\u00bb4.27.4&#8243; _module_preset=\u00bbdefault\u00bb max_width=\u00bb50%\u00bb global_colors_info=\u00bb{}\u00bb][\/et_pb_image][\/et_pb_column][\/et_pb_row][et_pb_row _builder_version=\u00bb4.16&#8243; global_colors_info=\u00bb{}\u00bb][et_pb_column type=\u00bb4_4&#8243; _builder_version=\u00bb4.16&#8243; global_colors_info=\u00bb{}\u00bb][et_pb_text _builder_version=\u00bb4.27.4&#8243; text_line_height=\u00bb1.8em\u00bb header_2_font=\u00bbRoboto|700|||||||\u00bb header_2_font_size=\u00bb48px\u00bb header_2_line_height=\u00bb1.4em\u00bb custom_margin=\u00bb|-200px|||false|false\u00bb custom_margin_tablet=\u00bb|0px|||false|false\u00bb custom_margin_phone=\u00bb\u00bb custom_margin_last_edited=\u00bbon|tablet\u00bb header_2_font_size_tablet=\u00bb32px\u00bb header_2_font_size_phone=\u00bb24px\u00bb header_2_font_size_last_edited=\u00bbon|phone\u00bb locked=\u00bboff\u00bb global_colors_info=\u00bb{}\u00bb]<\/p>\n<h2 style=\"text-align: center;\">Comprometidos con su \u00e9xito jur\u00eddico y laboral<\/h2>\n<p>[\/et_pb_text][\/et_pb_column][\/et_pb_row][et_pb_row make_equal=\u00bbon\u00bb _builder_version=\u00bb4.16&#8243; global_colors_info=\u00bb{}\u00bb][et_pb_column type=\u00bb4_4&#8243; _builder_version=\u00bb4.16&#8243; positioning=\u00bbnone\u00bb z_index=\u00bb10&#8243; global_colors_info=\u00bb{}\u00bb][et_pb_image src=\u00bbhttps:\/\/villarroyaasesores.es\/wp-content\/uploads\/2024\/09\/IMG_7682-scaled.jpg\u00bb title_text=\u00bbIMG_7682&#8243; _builder_version=\u00bb4.27.0&#8243; positioning=\u00bbabsolute\u00bb position_origin_a=\u00bbtop_right\u00bb vertical_offset=\u00bb10%\u00bb z_index=\u00bb1&#8243; width=\u00bb30%\u00bb custom_margin=\u00bb||||false|false\u00bb scroll_vertical_motion_enable=\u00bbon\u00bb scroll_vertical_motion=\u00bb0|50|50|100|1|0|-1&#8243; box_shadow_style=\u00bbpreset3&#8243; box_shadow_vertical=\u00bb56px\u00bb box_shadow_blur=\u00bb80px\u00bb box_shadow_spread=\u00bb-8px\u00bb box_shadow_color=\u00bbrgba(48,65,99,0.75)\u00bb locked=\u00bboff\u00bb global_colors_info=\u00bb{}\u00bb][\/et_pb_image][et_pb_image src=\u00bbhttps:\/\/villarroyaasesores.es\/wp-content\/uploads\/2024\/09\/IMG_7701-scaled.jpg\u00bb title_text=\u00bbIMG_7701&#8243; _builder_version=\u00bb4.27.0&#8243; positioning=\u00bbrelative\u00bb z_index=\u00bb0&#8243; width=\u00bb64%\u00bb module_alignment=\u00bbcenter\u00bb box_shadow_style=\u00bbpreset3&#8243; box_shadow_vertical=\u00bb56px\u00bb box_shadow_blur=\u00bb80px\u00bb box_shadow_spread=\u00bb-8px\u00bb box_shadow_color=\u00bbrgba(48,65,99,0.75)\u00bb global_colors_info=\u00bb{}\u00bb][\/et_pb_image][et_pb_image src=\u00bbhttps:\/\/villarroyaasesores.es\/wp-content\/uploads\/2024\/09\/IMG_7679-scaled.jpg\u00bb title_text=\u00bbIMG_7679&#8243; _builder_version=\u00bb4.27.0&#8243; positioning=\u00bbabsolute\u00bb position_origin_a=\u00bbbottom_left\u00bb vertical_offset=\u00bb14%\u00bb z_index=\u00bb6&#8243; width=\u00bb24%\u00bb custom_margin=\u00bb||||false|false\u00bb scroll_vertical_motion_enable=\u00bbon\u00bb scroll_vertical_motion=\u00bb0|50|50|100|2|0|-2&#8243; box_shadow_style=\u00bbpreset3&#8243; box_shadow_vertical=\u00bb56px\u00bb box_shadow_blur=\u00bb80px\u00bb box_shadow_spread=\u00bb-8px\u00bb box_shadow_color=\u00bbrgba(48,65,99,0.75)\u00bb locked=\u00bboff\u00bb global_colors_info=\u00bb{}\u00bb][\/et_pb_image][et_pb_image src=\u00bbhttps:\/\/villarroyaasesores.es\/wp-content\/uploads\/2024\/05\/startup-07.png\u00bb admin_label=\u00bbtile\u00bb _builder_version=\u00bb4.16&#8243; positioning=\u00bbabsolute\u00bb position_origin_a=\u00bbbottom_left\u00bb vertical_offset=\u00bb8%\u00bb horizontal_offset=\u00bb-3%\u00bb width=\u00bb14%\u00bb scroll_vertical_motion_enable=\u00bbon\u00bb scroll_vertical_motion=\u00bb0|50|50|100|1|0|-1&#8243; global_colors_info=\u00bb{}\u00bb][\/et_pb_image][et_pb_image src=\u00bbhttps:\/\/villarroyaasesores.es\/wp-content\/uploads\/2024\/05\/startup-07.png\u00bb admin_label=\u00bbtile\u00bb _builder_version=\u00bb4.16&#8243; positioning=\u00bbabsolute\u00bb position_origin_a=\u00bbtop_right\u00bb vertical_offset=\u00bb-10%\u00bb horizontal_offset=\u00bb12%\u00bb width=\u00bb12%\u00bb width_tablet=\u00bb100%\u00bb width_last_edited=\u00bboff|desktop\u00bb filter_opacity=\u00bb30%\u00bb global_colors_info=\u00bb{}\u00bb][\/et_pb_image][\/et_pb_column][\/et_pb_row][\/et_pb_section][et_pb_section fb_built=\u00bb1&#8243; custom_padding_last_edited=\u00bbon|desktop\u00bb admin_label=\u00bbFooter\u00bb _builder_version=\u00bb4.27.4&#8243; background_enable_color=\u00bboff\u00bb use_background_color_gradient=\u00bbon\u00bb background_color_gradient_direction=\u00bb102deg\u00bb background_color_gradient_stops=\u00bb#001b33 0%|gcid-5ea9b7ba-9bfa-4de6-bed4-465c901603c4 35%|rgba(0,0,0,0) 75%\u00bb background_color_gradient_overlays_image=\u00bbon\u00bb background_color_gradient_start=\u00bbrgba(0,0,0,0.6)\u00bb background_color_gradient_end=\u00bbrgba(0,0,0,0)\u00bb background_color_gradient_end_position=\u00bb75%\u00bb background_image=\u00bbhttps:\/\/villarroyaasesores.es\/wp-content\/uploads\/2024\/05\/startup-16.jpg\u00bb overflow-x=\u00bbhidden\u00bb overflow-y=\u00bbhidden\u00bb custom_margin=\u00bb0vw|5vw|5vw|5vw|false|true\u00bb custom_margin_tablet=\u00bb0vw|0vw|0vw|0vw|false|true\u00bb custom_margin_phone=\u00bb\u00bb custom_margin_last_edited=\u00bbon|tablet\u00bb custom_padding=\u00bb0px||0px||true|false\u00bb custom_padding_tablet=\u00bb40px||40px||true|false\u00bb custom_padding_phone=\u00bb\u00bb hover_enabled=\u00bb0&#8243; global_module=\u00bb62&#8243; saved_tabs=\u00bball\u00bb locked=\u00bboff\u00bb global_colors_info=\u00bb{%22gcid-5ea9b7ba-9bfa-4de6-bed4-465c901603c4%22:%91%22background_color_gradient_stops%22%93}\u00bb sticky_enabled=\u00bb0&#8243; background_last_edited=\u00bbon|phone\u00bb][et_pb_row column_structure=\u00bb1_2,1_2&#8243; make_equal=\u00bbon\u00bb _builder_version=\u00bb4.27.0&#8243; background_color=\u00bbRGBA(255,255,255,0)\u00bb custom_padding=\u00bb0px||0px||true|\u00bb box_shadow_horizontal_tablet=\u00bb0vw\u00bb box_shadow_horizontal_phone=\u00bb\u00bb box_shadow_horizontal_last_edited=\u00bbon|tablet\u00bb global_colors_info=\u00bb{}\u00bb][et_pb_column type=\u00bb1_2&#8243; _builder_version=\u00bb4.27.0&#8243; background_color=\u00bbgcid-5ea9b7ba-9bfa-4de6-bed4-465c901603c4&#8243; custom_padding=\u00bb54px||54px||true|false\u00bb custom_padding_tablet=\u00bb39px|35px|39px|35px|true|true\u00bb custom_padding_phone=\u00bb30px|20px|30px|20px|true|true\u00bb custom_padding_last_edited=\u00bbon|desktop\u00bb custom_css_main_element=\u00bbmargin-bottom: 0;\u00bb global_colors_info=\u00bb{%22gcid-5ea9b7ba-9bfa-4de6-bed4-465c901603c4%22:%91%22background_color%22%93}\u00bb][et_pb_text _builder_version=\u00bb4.27.4&#8243; text_line_height=\u00bb1.8em\u00bb header_2_font=\u00bbRoboto|700|||||||\u00bb header_2_font_size=\u00bb37px\u00bb header_2_line_height=\u00bb1.2em\u00bb header_4_font=\u00bbRoboto|700|||||||\u00bb header_4_text_color=\u00bb#00c995&#8243; background_layout=\u00bbdark\u00bb custom_margin=\u00bb||||false|false\u00bb header_2_font_size_tablet=\u00bb32px\u00bb header_2_font_size_phone=\u00bb24px\u00bb header_2_font_size_last_edited=\u00bbon|phone\u00bb locked=\u00bboff\u00bb global_colors_info=\u00bb{}\u00bb]<\/p>\n<h4><\/h4>\n<h2>Contacta con nosotros: Estamos Aqu\u00ed para Ayudarle<\/h2>\n<p>[\/et_pb_text][et_pb_button button_url=\u00bb@ET-DC@eyJkeW5hbWljIjp0cnVlLCJjb250ZW50IjoicG9zdF9saW5rX3VybF9wYWdlIiwic2V0dGluZ3MiOnsicG9zdF9pZCI6IjcxIn19@\u00bb button_text=\u00bbContacta con nosotros\u00bb _builder_version=\u00bb4.27.4&#8243; _dynamic_attributes=\u00bbbutton_url\u00bb custom_button=\u00bbon\u00bb button_text_size=\u00bb16px\u00bb button_text_color=\u00bb#000000&#8243; button_bg_color=\u00bb#FFFFFF\u00bb button_border_width=\u00bb1px\u00bb button_border_radius=\u00bb0px\u00bb button_letter_spacing=\u00bb2px\u00bb button_font=\u00bbRoboto|700|||||||\u00bb custom_padding=\u00bb16px|40px|16px|40px|true|true\u00bb locked=\u00bboff\u00bb global_colors_info=\u00bb{}\u00bb][\/et_pb_button][\/et_pb_column][et_pb_column type=\u00bb1_2&#8243; _builder_version=\u00bb4.27.0&#8243; global_colors_info=\u00bb{}\u00bb][et_pb_text _builder_version=\u00bb4.27.4&#8243; text_font_size=\u00bb16px\u00bb text_line_height=\u00bb1.8em\u00bb link_font=\u00bb||||||||\u00bb link_text_color=\u00bb#ffffff\u00bb header_4_font=\u00bbRoboto|700|||||||\u00bb background_color=\u00bb#001b33&#8243; positioning=\u00bbabsolute\u00bb position_origin_a=\u00bbbottom_right\u00bb position_origin_a_tablet=\u00bb\u00bb position_origin_a_phone=\u00bb\u00bb position_origin_a_last_edited=\u00bbon|tablet\u00bb position_origin_f_tablet=\u00bb\u00bb position_origin_f_phone=\u00bb\u00bb position_origin_f_last_edited=\u00bbon|tablet\u00bb position_origin_r_tablet=\u00bb\u00bb position_origin_r_phone=\u00bb\u00bb position_origin_r_last_edited=\u00bbon|tablet\u00bb background_layout=\u00bbdark\u00bb width=\u00bb100%\u00bb custom_margin=\u00bb||0px||false|false\u00bb custom_padding=\u00bb48px|30px|48px|30px|true|true\u00bb custom_padding_tablet=\u00bb\u00bb custom_padding_phone=\u00bb28px|20px|28px|20px|true|true\u00bb custom_padding_last_edited=\u00bbon|phone\u00bb positioning_tablet=\u00bbrelative\u00bb positioning_phone=\u00bb\u00bb positioning_last_edited=\u00bbon|tablet\u00bb global_colors_info=\u00bb{}\u00bb]<\/p>\n<h4>Tel\u00e9fono<\/h4>\n<p>876 01 09 81<\/p>\n<h4>Correo electr\u00f3nico<\/h4>\n<p><a href=\"mailto:info@divistartup.com\">info@villarroyaasesores.es<\/a><\/p>\n<p>[\/et_pb_text][et_pb_image _builder_version=\u00bb4.27.4&#8243; transform_scale_tablet=\u00bb\u00bb transform_scale_phone=\u00bb\u00bb transform_scale_last_edited=\u00bbon|tablet\u00bb transform_translate=\u00bb0px|100%\u00bb transform_translate_tablet=\u00bb0px|0%\u00bb transform_translate_phone=\u00bb\u00bb transform_translate_last_edited=\u00bbon|tablet\u00bb transform_translate_linked=\u00bboff\u00bb transform_rotate_tablet=\u00bb\u00bb transform_rotate_phone=\u00bb\u00bb transform_rotate_last_edited=\u00bbon|tablet\u00bb transform_skew_tablet=\u00bb\u00bb transform_skew_phone=\u00bb\u00bb transform_skew_last_edited=\u00bbon|tablet\u00bb transform_origin_tablet=\u00bb\u00bb transform_origin_phone=\u00bb\u00bb transform_origin_last_edited=\u00bbon|tablet\u00bb transform_styles_last_edited=\u00bbon|tablet\u00bb positioning=\u00bbabsolute\u00bb position_origin_a=\u00bbbottom_left\u00bb position_origin_a_tablet=\u00bb\u00bb position_origin_a_phone=\u00bb\u00bb position_origin_a_last_edited=\u00bbon|tablet\u00bb position_origin_f_tablet=\u00bb\u00bb position_origin_f_phone=\u00bb\u00bb position_origin_f_last_edited=\u00bbon|tablet\u00bb position_origin_r_tablet=\u00bb\u00bb position_origin_r_phone=\u00bb\u00bb position_origin_r_last_edited=\u00bbon|tablet\u00bb width=\u00bb100%\u00bb hover_enabled=\u00bb0&#8243; transform_styles_tablet=\u00bb\u00bb transform_styles_phone=\u00bb\u00bb positioning_tablet=\u00bbrelative\u00bb positioning_phone=\u00bb\u00bb positioning_last_edited=\u00bbon|tablet\u00bb global_colors_info=\u00bb{}\u00bb sticky_enabled=\u00bb0&#8243;][\/et_pb_image][\/et_pb_column][\/et_pb_row][\/et_pb_section]<\/p>\n","protected":false},"excerpt":{"rendered":"<p>\u00a0En Villarroya Asesores, ofrecemos servicios integrales para empresas, aut\u00f3nomos y particulares.Proporcionamos asesoramiento continuo y gesti\u00f3n completa de n\u00f3minas, contratos y seguros sociales para asegurar el cumplimiento de la normativa laboral.Gestionamos expedientes de jubilaci\u00f3n y otras prestaciones, asegurando que nuestros clientes reciban todos los beneficios a los que tienen derecho en situaciones espec\u00edficas.Desarrollamos e implementamos planes [&hellip;]<\/p>\n","protected":false},"author":1,"featured_media":0,"parent":0,"menu_order":0,"comment_status":"closed","ping_status":"closed","template":"","meta":{"_et_pb_use_builder":"on","_et_pb_old_content":"","_et_gb_content_width":"","footnotes":""},"class_list":["post-9","page","type-page","status-publish","hentry"],"_links":{"self":[{"href":"https:\/\/villarroyaasesores.es\/index.php\/wp-json\/wp\/v2\/pages\/9","targetHints":{"allow":["GET"]}}],"collection":[{"href":"https:\/\/villarroyaasesores.es\/index.php\/wp-json\/wp\/v2\/pages"}],"about":[{"href":"https:\/\/villarroyaasesores.es\/index.php\/wp-json\/wp\/v2\/types\/page"}],"author":[{"embeddable":true,"href":"https:\/\/villarroyaasesores.es\/index.php\/wp-json\/wp\/v2\/users\/1"}],"replies":[{"embeddable":true,"href":"https:\/\/villarroyaasesores.es\/index.php\/wp-json\/wp\/v2\/comments?post=9"}],"version-history":[{"count":35,"href":"https:\/\/villarroyaasesores.es\/index.php\/wp-json\/wp\/v2\/pages\/9\/revisions"}],"predecessor-version":[{"id":257157,"href":"https:\/\/villarroyaasesores.es\/index.php\/wp-json\/wp\/v2\/pages\/9\/revisions\/257157"}],"wp:attachment":[{"href":"https:\/\/villarroyaasesores.es\/index.php\/wp-json\/wp\/v2\/media?parent=9"}],"curies":[{"name":"wp","href":"https:\/\/api.w.org\/{rel}","templated":true}]}}